{"id":17691,"date":"2025-03-17T03:10:04","date_gmt":"2025-03-17T02:10:04","guid":{"rendered":"https:\/\/www.montessorimood.com\/?post_type=product&#038;p=17691"},"modified":"2025-10-20T15:17:45","modified_gmt":"2025-10-20T13:17:45","slug":"set-cartoline-oro","status":"publish","type":"product","link":"https:\/\/www.montessorimood.com\/it\/shop\/cartoline\/set-cartoline-oro\/","title":{"rendered":"Set cartoline oro"},"content":{"rendered":"<p class=\"p1\">Cartoline ispirate al tema degli incastri delle foglie per il cofanetto della botanica e al pensiero di Maria <span class=\"s1\">Montessori <\/span>\u201cSe la terra \u00e8 un giardino, ci\u00f2 \u00e8 dovuto al lavoro incessante <span class=\"s1\">di innumerevoli piccoli giardinieri\u201d.<\/span><\/p>\n","protected":false},"excerpt":{"rendered":"<p>Cartoline ispirate al tema degli incastri delle foglie per il cofanetto della botanica e al pensiero di Maria Montessori \u201cSe la terra \u00e8 un giardino, ci\u00f2 \u00e8 dovuto al lavoro incessante di innumerevoli piccoli giardinieri\u201d.<\/p>\n","protected":false},"featured_media":17695,"comment_status":"closed","ping_status":"closed","template":"","meta":{"_acf_changed":false},"product_brand":[],"product_cat":[151],"product_tag":[],"class_list":{"0":"post-17691","1":"product","2":"type-product","3":"status-publish","4":"has-post-thumbnail","6":"product_cat-cartoline","8":"first","9":"outofstock","10":"taxable","11":"shipping-taxable","12":"purchasable","13":"product-type-simple"},"acf":[],"_links":{"self":[{"href":"https:\/\/www.montessorimood.com\/it\/wp-json\/wp\/v2\/product\/17691","targetHints":{"allow":["GET"]}}],"collection":[{"href":"https:\/\/www.montessorimood.com\/it\/wp-json\/wp\/v2\/product"}],"about":[{"href":"https:\/\/www.montessorimood.com\/it\/wp-json\/wp\/v2\/types\/product"}],"replies":[{"embeddable":true,"href":"https:\/\/www.montessorimood.com\/it\/wp-json\/wp\/v2\/comments?post=17691"}],"wp:featuredmedia":[{"embeddable":true,"href":"https:\/\/www.montessorimood.com\/it\/wp-json\/wp\/v2\/media\/17695"}],"wp:attachment":[{"href":"https:\/\/www.montessorimood.com\/it\/wp-json\/wp\/v2\/media?parent=17691"}],"wp:term":[{"taxonomy":"product_brand","embeddable":true,"href":"https:\/\/www.montessorimood.com\/it\/wp-json\/wp\/v2\/product_brand?post=17691"},{"taxonomy":"product_cat","embeddable":true,"href":"https:\/\/www.montessorimood.com\/it\/wp-json\/wp\/v2\/product_cat?post=17691"},{"taxonomy":"product_tag","embeddable":true,"href":"https:\/\/www.montessorimood.com\/it\/wp-json\/wp\/v2\/product_tag?post=17691"}],"curies":[{"name":"wp","href":"https:\/\/api.w.org\/{rel}","templated":true}]}}