{"id":16385,"date":"2016-11-30T18:02:06","date_gmt":"2016-11-30T17:02:06","guid":{"rendered":"http:\/\/www.montessorimood.com\/maria-montessori\/"},"modified":"2025-07-04T14:50:20","modified_gmt":"2025-07-04T12:50:20","slug":"maria-montessori","status":"publish","type":"page","link":"https:\/\/www.montessorimood.com\/it\/maria-montessori\/","title":{"rendered":"Maria Montessori"},"content":{"rendered":"<p>[vc_row row_type=&#8221;row&#8221; use_row_as_full_screen_section=&#8221;no&#8221; type=&#8221;full_width&#8221; angled_section=&#8221;no&#8221; text_align=&#8221;left&#8221; background_image_as_pattern=&#8221;without_pattern&#8221; css_animation=&#8221;&#8221;][vc_column offset=&#8221;vc_hidden-sm vc_hidden-xs&#8221;][vc_empty_space height=&#8221;100&#8243;][\/vc_column][\/vc_row][vc_row row_type=&#8221;row&#8221; use_row_as_full_screen_section=&#8221;no&#8221; type=&#8221;full_width&#8221; angled_section=&#8221;no&#8221; text_align=&#8221;left&#8221; background_image_as_pattern=&#8221;without_pattern&#8221; css_animation=&#8221;&#8221;][vc_column][vc_single_image image=&#8221;16252&#8243; img_size=&#8221;full&#8221; alignment=&#8221;center&#8221; qode_css_animation=&#8221;&#8221;][\/vc_column][\/vc_row][vc_row row_type=&#8221;row&#8221; use_row_as_full_screen_section=&#8221;no&#8221; type=&#8221;full_width&#8221; angled_section=&#8221;no&#8221; text_align=&#8221;left&#8221; background_image_as_pattern=&#8221;without_pattern&#8221; css_animation=&#8221;&#8221; css=&#8221;.vc_custom_1479377177140{padding-right: 5% !important;padding-left: 5% !important;}&#8221;][vc_column width=&#8221;1\/4&#8243;][\/vc_column][vc_column width=&#8221;1\/2&#8243; css=&#8221;.vc_custom_1479380162866{padding-top: 60px !important;}&#8221;][vc_column_text]<\/p>\n<h1>\u201cL&#8217;educazione comincia dalla nascita.\u201d<\/h1>\n<p>[\/vc_column_text][vc_column_text]<\/p>\n<h6><span style=\"color: #f58a1f;\">\u2013 Maria Montessori<\/span><\/h6>\n<p>[\/vc_column_text][vc_column_text css=&#8221;.vc_custom_1479380148152{padding-top: 50px !important;padding-bottom: 30px !important;}&#8221;]<\/p>\n<h6>Maria Montessori, nata Chiaravalle (AN) nel 1870, \u00e8 stata la prima donna medico in Italia ed anche la prima donna la cui effigie sia apparsa nella monetazione italiana.<br \/>\nHa avuto una vita straordinaria fatta di sfide e difficolt\u00e0, affrontate con una rara capacit\u00e0 di immaginare il futuro partendo dall\u2019infanzia, disegnando un panorama educativo ancora oggi di sorprendente modernit\u00e0, tanto che a livello mondiale, il Metodo Montessori \u00e8 sicuramente il pi\u00f9 diffuso e praticato per quello che riguarda l\u2019educazione infantile.<\/h6>\n<p>[\/vc_column_text][vc_column_text css=&#8221;.vc_custom_1479834089843{padding-bottom: 30px !important;}&#8221;]<\/p>\n<h6>Il suo illuminato lavoro di ricerca scientifica attorno ai bambini ha creato le basi del Metodo educativo che tende a dare grande valore all\u2019esperienza sensoriale e all\u2019apprendimento attraverso la scoperta.<\/h6>\n<p>[\/vc_column_text][\/vc_column][vc_column width=&#8221;1\/4&#8243;][\/vc_column][\/vc_row][vc_row row_type=&#8221;parallax&#8221; parallax_content_width=&#8221;full_width&#8221; text_align=&#8221;center&#8221; background_image=&#8221;15868&#8243; full_screen_section_height=&#8221;no&#8221; section_height=&#8221;500&#8243; parallax_speed=&#8221;1&#8243;][vc_column offset=&#8221;vc_hidden-sm vc_hidden-xs&#8221;][\/vc_column][\/vc_row][vc_row row_type=&#8221;row&#8221; use_row_as_full_screen_section=&#8221;no&#8221; type=&#8221;full_width&#8221; angled_section=&#8221;no&#8221; text_align=&#8221;left&#8221; background_image_as_pattern=&#8221;without_pattern&#8221; css_animation=&#8221;&#8221; css=&#8221;.vc_custom_1479377177140{padding-right: 5% !important;padding-left: 5% !important;}&#8221;][vc_column width=&#8221;1\/4&#8243;][\/vc_column][vc_column width=&#8221;1\/2&#8243; css=&#8221;.vc_custom_1479380183882{padding-top: 60px !important;}&#8221;][vc_column_text css=&#8221;.vc_custom_1479380171965{padding-bottom: 50px !important;}&#8221;]<\/p>\n<h6>L\u2019ambiente ha grande importanza ed \u00e8 preparato per stimolare il bambino.<\/h6>\n<h6>I materiali di sviluppo, oggetti adottati per interfacciare i bambini con le varie discipline sono caratterizzati da un perfetto design, di grande bellezza estetica.<\/h6>\n<h6>Progettati secondo un perfetto rapporto tra forma e funzione, riescono a condurre il bambino alla conoscenza, in autonomia di azione di pensiero.<\/h6>\n<h6><\/h6>\n<p>[\/vc_column_text][vc_column_text css=&#8221;.vc_custom_1479834011635{padding-bottom: 30px !important;}&#8221;]<\/p>\n<h6><em>\u201cCi\u00f2 che il bambino apprende deve affascinarlo &#8211; bisogna offrigli cose grandiose: per cominciare offriamogli il mondo\u201d<\/em>, afferma un pensiero di Maria Montessori.<\/h6>\n<p>[\/vc_column_text][vc_column_text css=&#8221;.vc_custom_1479380102199{padding-bottom: 100px !important;}&#8221;]<\/p>\n<h6>MOOD, The Montessori Touch, \u00e8 una ricerca e un racconto attorno alla bellezza che pervade la filosofia di Maria Montessori.<\/h6>\n<p>[\/vc_column_text][\/vc_column][vc_column width=&#8221;1\/4&#8243;][\/vc_column][\/vc_row]<\/p>\n","protected":false},"excerpt":{"rendered":"<p>[vc_row row_type=&#8221;row&#8221; use_row_as_full_screen_section=&#8221;no&#8221; type=&#8221;full_width&#8221; angled_section=&#8221;no&#8221; text_align=&#8221;left&#8221; background_image_as_pattern=&#8221;without_pattern&#8221; css_animation=&#8221;&#8221;][vc_column offset=&#8221;vc_hidden-sm vc_hidden-xs&#8221;][vc_empty_space height=&#8221;100&#8243;][\/vc_column][\/vc_row][vc_row row_type=&#8221;row&#8221; use_row_as_full_screen_section=&#8221;no&#8221; type=&#8221;full_width&#8221; angled_section=&#8221;no&#8221; text_align=&#8221;left&#8221; background_image_as_pattern=&#8221;without_pattern&#8221; css_animation=&#8221;&#8221;][vc_column][vc_single_image image=&#8221;16252&#8243; img_size=&#8221;full&#8221; alignment=&#8221;center&#8221; qode_css_animation=&#8221;&#8221;][\/vc_column][\/vc_row][vc_row row_type=&#8221;row&#8221; use_row_as_full_screen_section=&#8221;no&#8221; type=&#8221;full_width&#8221; angled_section=&#8221;no&#8221; text_align=&#8221;left&#8221; background_image_as_pattern=&#8221;without_pattern&#8221; css_animation=&#8221;&#8221; css=&#8221;.vc_custom_1479377177140{padding-right: 5% !important;padding-left: 5% !important;}&#8221;][vc_column width=&#8221;1\/4&#8243;][\/vc_column][vc_column width=&#8221;1\/2&#8243; css=&#8221;.vc_custom_1479380162866{padding-top: 60px !important;}&#8221;][vc_column_text] \u201cL&#8217;educazione comincia dalla nascita.\u201d [\/vc_column_text][vc_column_text] \u2013&#8230;<\/p>\n","protected":false},"author":1,"featured_media":0,"parent":0,"menu_order":0,"comment_status":"closed","ping_status":"closed","template":"template-generico.php","meta":{"_acf_changed":false,"footnotes":""},"class_list":["post-16385","page","type-page","status-publish","hentry"],"acf":[],"_links":{"self":[{"href":"https:\/\/www.montessorimood.com\/it\/wp-json\/wp\/v2\/pages\/16385","targetHints":{"allow":["GET"]}}],"collection":[{"href":"https:\/\/www.montessorimood.com\/it\/wp-json\/wp\/v2\/pages"}],"about":[{"href":"https:\/\/www.montessorimood.com\/it\/wp-json\/wp\/v2\/types\/page"}],"author":[{"embeddable":true,"href":"https:\/\/www.montessorimood.com\/it\/wp-json\/wp\/v2\/users\/1"}],"replies":[{"embeddable":true,"href":"https:\/\/www.montessorimood.com\/it\/wp-json\/wp\/v2\/comments?post=16385"}],"version-history":[{"count":43,"href":"https:\/\/www.montessorimood.com\/it\/wp-json\/wp\/v2\/pages\/16385\/revisions"}],"predecessor-version":[{"id":18274,"href":"https:\/\/www.montessorimood.com\/it\/wp-json\/wp\/v2\/pages\/16385\/revisions\/18274"}],"wp:attachment":[{"href":"https:\/\/www.montessorimood.com\/it\/wp-json\/wp\/v2\/media?parent=16385"}],"curies":[{"name":"wp","href":"https:\/\/api.w.org\/{rel}","templated":true}]}}